{"id":4470,"date":"2007-11-06T15:26:46","date_gmt":"2007-11-06T15:26:46","guid":{"rendered":"http:\/\/www.curteaveche.ro\/blog\/?page_id=4470"},"modified":"2021-01-18T17:23:34","modified_gmt":"2021-01-18T15:23:34","slug":"about","status":"publish","type":"page","link":"https:\/\/www.curteaveche.ro\/blog\/about\/","title":{"rendered":"Despre"},"content":{"rendered":"<p class=\"MsoNormal\">Blogul oficial al editurii&nbsp;<a href=\"http:\/\/www.curteaveche.ro\/\">Curtea Veche<\/a>.&nbsp;Ne ve\u0163i g\u0103si aici pe noi, membrii echipei, ve\u015fnic dispu\u015fi s\u0103 vorbim deschis despre subiecte care v\u0103 intereseaz\u0103.<\/p>\n<p class=\"MsoNormal\">Recenzii de carte, nout\u0103\u0163i editoriale, interviuri, concursuri, informa\u0163ii despre evenimente, fotografii&#8230; Vrem s\u0103 ajungem la voi \u015fi altfel \u015fi a\u015ftept\u0103m cu drag comentariile \u015fi propunerile voastre.<\/p>\n<p>Dac\u0103 vre\u0163i s\u0103 ne scrie\u0163i un mail, ne g\u0103si\u021bi la&nbsp;<a href=\"mailto:pr@curteaveche.ro\">pr@curteaveche.ro<\/a>.<\/p>\n","protected":false},"excerpt":{"rendered":"<p>Blogul oficial al editurii&nbsp;Curtea Veche.&nbsp;Ne ve\u0163i g\u0103si aici pe noi, membrii echipei, ve\u015fnic dispu\u015fi s\u0103 vorbim deschis despre subiecte care v\u0103 intereseaz\u0103. Recenzii de carte, nout\u0103\u0163i editoriale, interviuri, concursuri, informa\u0163ii despre evenimente, fotografii&#8230; Vrem s\u0103 ajungem la voi \u015fi altfel \u015fi a\u015ftept\u0103m cu drag comentariile \u015fi propunerile voastre. Dac\u0103 vre\u0163i s\u0103 ne scrie\u0163i un mail,&hellip;&nbsp;<a href=\"https:\/\/www.curteaveche.ro\/blog\/about\/\" rel=\"bookmark\"><span class=\"screen-reader-text\">Despre<\/span><\/a><\/p>\n","protected":false},"author":1,"featured_media":0,"parent":0,"menu_order":0,"comment_status":"open","ping_status":"open","template":"","meta":{"neve_meta_sidebar":"","neve_meta_container":"","neve_meta_enable_content_width":"","neve_meta_content_width":0,"neve_meta_title_alignment":"","neve_meta_author_avatar":"","neve_post_elements_order":"","neve_meta_disable_header":"","neve_meta_disable_footer":"","neve_meta_disable_title":"","footnotes":""},"class_list":["post-4470","page","type-page","status-publish","hentry"],"_links":{"self":[{"href":"https:\/\/www.curteaveche.ro\/blog\/wp-json\/wp\/v2\/pages\/4470","targetHints":{"allow":["GET"]}}],"collection":[{"href":"https:\/\/www.curteaveche.ro\/blog\/wp-json\/wp\/v2\/pages"}],"about":[{"href":"https:\/\/www.curteaveche.ro\/blog\/wp-json\/wp\/v2\/types\/page"}],"author":[{"embeddable":true,"href":"https:\/\/www.curteaveche.ro\/blog\/wp-json\/wp\/v2\/users\/1"}],"replies":[{"embeddable":true,"href":"https:\/\/www.curteaveche.ro\/blog\/wp-json\/wp\/v2\/comments?post=4470"}],"version-history":[{"count":0,"href":"https:\/\/www.curteaveche.ro\/blog\/wp-json\/wp\/v2\/pages\/4470\/revisions"}],"wp:attachment":[{"href":"https:\/\/www.curteaveche.ro\/blog\/wp-json\/wp\/v2\/media?parent=4470"}],"curies":[{"name":"wp","href":"https:\/\/api.w.org\/{rel}","templated":true}]}}